{"id":14,"date":"2026-04-16T21:25:49","date_gmt":"2026-04-16T19:25:49","guid":{"rendered":"https:\/\/heitz.thedevspace.de\/?page_id=14"},"modified":"2026-04-16T22:14:33","modified_gmt":"2026-04-16T20:14:33","slug":"zttest","status":"publish","type":"page","link":"https:\/\/heitz.thedevspace.de\/","title":{"rendered":"Neuigkeiten"},"content":{"rendered":"\n<div class=\"wp-block-columns are-vertically-aligned-center is-layout-flex wp-container-core-columns-is-layout-66fad18a wp-block-columns-is-layout-flex\">\n<div class=\"wp-block-column is-vertically-aligned-center is-layout-flow wp-block-column-is-layout-flow\" style=\"flex-basis:45%\">\n<div class=\"wp-block-columns is-layout-flex wp-container-core-columns-is-layout-2709eace wp-block-columns-is-layout-flex\">\n<div class=\"wp-block-column is-layout-flow wp-block-column-is-layout-flow\">\n<div style=\"height:60px\" aria-hidden=\"true\" class=\"wp-block-spacer ct-hidden-md ct-hidden-sm\"><\/div>\n\n\n\n<figure class=\"wp-block-image size-full\"><img loading=\"lazy\" decoding=\"async\" width=\"1024\" height=\"1024\" src=\"https:\/\/heitz.thedevspace.de\/wp-content\/uploads\/2026\/04\/erstelle-ein-bild-von-einem-fahrschueler-auf-einem-.png\" alt=\"\" class=\"wp-image-25\" srcset=\"https:\/\/heitz.thedevspace.de\/wp-content\/uploads\/2026\/04\/erstelle-ein-bild-von-einem-fahrschueler-auf-einem-.png 1024w, https:\/\/heitz.thedevspace.de\/wp-content\/uploads\/2026\/04\/erstelle-ein-bild-von-einem-fahrschueler-auf-einem--300x300.png 300w, https:\/\/heitz.thedevspace.de\/wp-content\/uploads\/2026\/04\/erstelle-ein-bild-von-einem-fahrschueler-auf-einem--150x150.png 150w, https:\/\/heitz.thedevspace.de\/wp-content\/uploads\/2026\/04\/erstelle-ein-bild-von-einem-fahrschueler-auf-einem--768x768.png 768w\" sizes=\"auto, (max-width: 1024px) 100vw, 1024px\" \/><\/figure>\n<\/div>\n\n\n\n<div class=\"wp-block-column is-layout-flow wp-block-column-is-layout-flow\">\n<figure class=\"wp-block-image size-full has-custom-border\" style=\"margin-bottom:30px\"><img loading=\"lazy\" decoding=\"async\" width=\"1024\" height=\"1024\" src=\"https:\/\/heitz.thedevspace.de\/wp-content\/uploads\/2026\/04\/erstelle-ein-bild-von-einem-fahrschueler-in-einem-a.png\" alt=\"\" class=\"wp-image-26\" style=\"border-radius:20px;aspect-ratio:1;object-fit:contain\" srcset=\"https:\/\/heitz.thedevspace.de\/wp-content\/uploads\/2026\/04\/erstelle-ein-bild-von-einem-fahrschueler-in-einem-a.png 1024w, https:\/\/heitz.thedevspace.de\/wp-content\/uploads\/2026\/04\/erstelle-ein-bild-von-einem-fahrschueler-in-einem-a-300x300.png 300w, https:\/\/heitz.thedevspace.de\/wp-content\/uploads\/2026\/04\/erstelle-ein-bild-von-einem-fahrschueler-in-einem-a-150x150.png 150w, https:\/\/heitz.thedevspace.de\/wp-content\/uploads\/2026\/04\/erstelle-ein-bild-von-einem-fahrschueler-in-einem-a-768x768.png 768w\" sizes=\"auto, (max-width: 1024px) 100vw, 1024px\" \/><\/figure>\n\n\n\n<figure class=\"wp-block-image size-full has-custom-border\"><img loading=\"lazy\" decoding=\"async\" width=\"1024\" height=\"1024\" src=\"https:\/\/heitz.thedevspace.de\/wp-content\/uploads\/2026\/04\/erstelle-ein-bild-von-einem-fahrschueler-auf-einem-1.png\" alt=\"\" class=\"wp-image-27\" style=\"border-radius:20px;aspect-ratio:1;object-fit:cover\" srcset=\"https:\/\/heitz.thedevspace.de\/wp-content\/uploads\/2026\/04\/erstelle-ein-bild-von-einem-fahrschueler-auf-einem-1.png 1024w, https:\/\/heitz.thedevspace.de\/wp-content\/uploads\/2026\/04\/erstelle-ein-bild-von-einem-fahrschueler-auf-einem-1-300x300.png 300w, https:\/\/heitz.thedevspace.de\/wp-content\/uploads\/2026\/04\/erstelle-ein-bild-von-einem-fahrschueler-auf-einem-1-150x150.png 150w, https:\/\/heitz.thedevspace.de\/wp-content\/uploads\/2026\/04\/erstelle-ein-bild-von-einem-fahrschueler-auf-einem-1-768x768.png 768w\" sizes=\"auto, (max-width: 1024px) 100vw, 1024px\" \/><\/figure>\n<\/div>\n<\/div>\n<\/div>\n\n\n\n<div class=\"wp-block-column is-vertically-aligned-center is-layout-flow wp-block-column-is-layout-flow\">\n<h1 class=\"wp-block-heading has-black-color has-text-color has-link-color wp-elements-ce2b4a213226159753c40c50640805bd\" style=\"margin-bottom:20px;font-size:clamp(37.821px, 2.364rem + ((1vw - 3.2px) * 2.514), 70px);font-style:normal;font-weight:800;line-height:1.2\">Die Fahrschule f\u00fcr alle F\u00e4lle<\/h1>\n\n\n\n<p class=\"has-black-color has-text-color has-link-color has-medium-font-size wp-elements-67b7d8bc5c723cb74b354d14df59ac0f\" style=\"border-bottom-color:#0000001f;border-bottom-style:solid;border-bottom-width:1px;margin-bottom:40px;padding-bottom:40px\">Egal ob Mofa, Motorrad Auto oder LKW &#8211; Wir unterst\u00fctzen dich beim erreichen deines Ziels. Mit 5 Fahrlehrer und Fahrlehrerinnen sind wir jederzeit f\u00fcr dich da!<\/p>\n\n\n\n<div class=\"wp-block-columns is-layout-flex wp-container-core-columns-is-layout-28f84493 wp-block-columns-is-layout-flex\">\n<div class=\"wp-block-column is-layout-flow wp-block-column-is-layout-flow\">\n<h2 class=\"wp-block-heading has-black-color has-text-color has-link-color wp-elements-8c17ca026467987b2a8709149a76df28\" id=\"300\" style=\"margin-bottom:0;font-style:normal;font-weight:900\">1234+<\/h2>\n\n\n\n<p class=\"has-black-color has-text-color has-link-color wp-elements-0cd46068be21fa8a456ced5f309dd058\" style=\"font-size:clamp(14px, 0.875rem + ((1vw - 3.2px) * 0.313), 18px);\">Ausgebildete Fahrsch\u00fcler<\/p>\n<\/div>\n\n\n\n<div class=\"wp-block-column is-layout-flow wp-block-column-is-layout-flow\">\n<h2 class=\"wp-block-heading has-black-color has-text-color has-link-color wp-elements-2dfc00c0489672586b34a223be80861e\" id=\"300\" style=\"margin-bottom:0;font-style:normal;font-weight:900\">6<\/h2>\n\n\n\n<p class=\"has-black-color has-text-color has-link-color wp-elements-2f5560aaf563a7666d97a310b5f8a37a\" style=\"font-size:clamp(14px, 0.875rem + ((1vw - 3.2px) * 0.313), 18px);\">Fahrlehrer\/innen<\/p>\n<\/div>\n\n\n\n<div class=\"wp-block-column is-layout-flow wp-block-column-is-layout-flow\">\n<h2 class=\"wp-block-heading has-black-color has-text-color has-link-color wp-elements-30939baaf2072665af22f0dbb8140f1c\" id=\"300\" style=\"margin-bottom:0;font-style:normal;font-weight:900\">99%<\/h2>\n\n\n\n<p class=\"has-black-color has-text-color has-link-color wp-elements-c48e8315cbeebac34c5bcfe4e9fba41d\" style=\"font-size:clamp(14px, 0.875rem + ((1vw - 3.2px) * 0.313), 18px);\">Erfolgsquote<\/p>\n<\/div>\n<\/div>\n\n\n<h4 class=\"wp-block-post-title\">Neuigkeiten<\/h4>\n\n<ul class=\"wp-block-latest-posts__list has-dates wp-block-latest-posts\"><li><a class=\"wp-block-latest-posts__post-title\" href=\"https:\/\/heitz.thedevspace.de\/?p=52\">Wir sind Online!<\/a><time datetime=\"2026-04-16T22:04:07+02:00\" class=\"wp-block-latest-posts__post-date\">16. April 2026<\/time><div class=\"wp-block-latest-posts__post-excerpt\">Wir haben eine neue Website<\/div><\/li>\n<\/ul><\/div>\n<\/div>\n\n\n\n<p><\/p>\n","protected":false},"excerpt":{"rendered":"<p>Die Fahrschule f\u00fcr alle F\u00e4lle Egal ob Mofa, Motorrad Auto oder LKW &#8211; Wir unterst\u00fctzen dich beim erreichen deines Ziels. Mit 5 Fahrlehrer und Fahrlehrerinnen sind wir jederzeit f\u00fcr dich da! 1234+ Ausgebildete Fahrsch\u00fcler 6 Fahrlehrer\/innen 99% Erfolgsquote<\/p>\n","protected":false},"author":1,"featured_media":0,"parent":0,"menu_order":0,"comment_status":"closed","ping_status":"closed","template":"","meta":{"footnotes":""},"class_list":["post-14","page","type-page","status-publish","hentry"],"blocksy_meta":{"has_hero_section":"disabled","styles_descriptor":{"styles":{"desktop":"[data-prefix=\"single_page\"] {background-color:#ffffff;background-image:none;}","tablet":"","mobile":""},"google_fonts":[],"version":6},"background":{"background_type":"color","background_pattern":"type-1","background_image":{"attachment_id":null,"x":0,"y":0},"gradient":"linear-gradient(135deg,rgba(6,147,227,1) 0%,rgb(155,81,224) 100%)","background_repeat":"repeat","background_size":"auto","background_attachment":"scroll","patternColor":{"default":{"color":"#e5e7ea"}},"overlayColor":{"default":{"color":"CT_CSS_SKIP_RULE"}},"backgroundColor":{"default":{"color":"#ffffff"}}},"hero_section":"type-2","disable_header":"no"},"_links":{"self":[{"href":"https:\/\/heitz.thedevspace.de\/index.php?rest_route=\/wp\/v2\/pages\/14","targetHints":{"allow":["GET"]}}],"collection":[{"href":"https:\/\/heitz.thedevspace.de\/index.php?rest_route=\/wp\/v2\/pages"}],"about":[{"href":"https:\/\/heitz.thedevspace.de\/index.php?rest_route=\/wp\/v2\/types\/page"}],"author":[{"embeddable":true,"href":"https:\/\/heitz.thedevspace.de\/index.php?rest_route=\/wp\/v2\/users\/1"}],"replies":[{"embeddable":true,"href":"https:\/\/heitz.thedevspace.de\/index.php?rest_route=%2Fwp%2Fv2%2Fcomments&post=14"}],"version-history":[{"count":11,"href":"https:\/\/heitz.thedevspace.de\/index.php?rest_route=\/wp\/v2\/pages\/14\/revisions"}],"predecessor-version":[{"id":57,"href":"https:\/\/heitz.thedevspace.de\/index.php?rest_route=\/wp\/v2\/pages\/14\/revisions\/57"}],"wp:attachment":[{"href":"https:\/\/heitz.thedevspace.de\/index.php?rest_route=%2Fwp%2Fv2%2Fmedia&parent=14"}],"curies":[{"name":"wp","href":"https:\/\/api.w.org\/{rel}","templated":true}]}}